{"id":45,"date":"2025-10-27T06:13:42","date_gmt":"2025-10-27T06:13:42","guid":{"rendered":"https:\/\/www.bitezdondurma.com\/?page_id=45"},"modified":"2025-11-04T15:25:15","modified_gmt":"2025-11-04T15:25:15","slug":"franchise","status":"publish","type":"page","link":"https:\/\/www.bitezdondurma.com\/index.php\/franchise\/","title":{"rendered":"Franchise"},"content":{"rendered":"\t\t<div data-elementor-type=\"wp-page\" data-elementor-id=\"45\" class=\"elementor elementor-45\" data-elementor-post-type=\"page\">\n\t\t\t\t\t\t<section class=\"elementor-section elementor-top-section elementor-element elementor-element-7f39cc3 elementor-section-boxed elementor-section-height-default elementor-section-height-default\" data-id=\"7f39cc3\" data-element_type=\"section\" data-e-type=\"section\">\n\t\t\t\t\t\t<div class=\"elementor-container elementor-column-gap-default\">\n\t\t\t\t\t<div class=\"elementor-column elementor-col-50 elementor-top-column elementor-element elementor-element-41c2d39\" data-id=\"41c2d39\" data-element_type=\"column\" data-e-type=\"column\">\n\t\t\t<div class=\"elementor-widget-wrap elementor-element-populated\">\n\t\t\t\t\t\t<section class=\"elementor-section elementor-inner-section elementor-element elementor-element-4f06b44 elementor-section-boxed elementor-section-height-default elementor-section-height-default\" data-id=\"4f06b44\" data-element_type=\"section\" data-e-type=\"section\">\n\t\t\t\t\t\t<div class=\"elementor-container elementor-column-gap-default\">\n\t\t\t\t\t<div class=\"elementor-column elementor-col-50 elementor-inner-column elementor-element elementor-element-ffe0a1f\" data-id=\"ffe0a1f\" data-element_type=\"column\" data-e-type=\"column\">\n\t\t\t<div class=\"elementor-widget-wrap elementor-element-populated\">\n\t\t\t\t\t\t<div class=\"elementor-element elementor-element-ff2fc34 elementor-hidden-mobile elementor-widget elementor-widget-image\" data-id=\"ff2fc34\" data-element_type=\"widget\" data-e-type=\"widget\" data-widget_type=\"image.default\">\n\t\t\t\t\t\t\t\t\t\t\t\t\t\t\t<img decoding=\"async\" width=\"237\" height=\"140\" src=\"https:\/\/www.bitezdondurma.com\/wp-content\/uploads\/2025\/08\/bitez-logo.png\" class=\"attachment-full size-full wp-image-62\" alt=\"\" \/>\t\t\t\t\t\t\t\t\t\t\t\t\t\t\t<\/div>\n\t\t\t\t<div class=\"elementor-element elementor-element-3bb4ac2 elementor-widget elementor-widget-heading\" data-id=\"3bb4ac2\" data-element_type=\"widget\" data-e-type=\"widget\" data-widget_type=\"heading.default\">\n\t\t\t\t\t<h2 class=\"elementor-heading-title elementor-size-default\">Bitez Dondurma Ailesine Kat\u0131lmak \u0130ster misiniz? \ud83c\udf66<\/h2>\t\t\t\t<\/div>\n\t\t\t\t<div class=\"elementor-element elementor-element-b87f300 elementor-widget elementor-widget-text-editor\" data-id=\"b87f300\" data-element_type=\"widget\" data-e-type=\"widget\" data-widget_type=\"text-editor.default\">\n\t\t\t\t\t\t\t\t\t<p>Bitez Dondurma\u2019da sizi sadece dondurma de\u011fil, birbirinden \u00f6zel tatl\u0131lar ve waffle \u00e7e\u015fitleri de bekliyor. Geleneksel tariflerden modern lezzetlere uzanan geni\u015f men\u00fcm\u00fcz\u00fc ke\u015ffetmek i\u00e7in hemen t\u0131klay\u0131n, damak tad\u0131n\u0131za en uygun se\u00e7ene\u011fi bulun.<\/p>\t\t\t\t\t\t\t\t<\/div>\n\t\t\t\t\t<\/div>\n\t\t<\/div>\n\t\t\t\t<div class=\"elementor-column elementor-col-50 elementor-inner-column elementor-element elementor-element-5746bac\" data-id=\"5746bac\" data-element_type=\"column\" data-e-type=\"column\">\n\t\t\t<div class=\"elementor-widget-wrap elementor-element-populated\">\n\t\t\t\t\t\t<div class=\"elementor-element elementor-element-40bc5b6 elementor-widget elementor-widget-image\" data-id=\"40bc5b6\" data-element_type=\"widget\" data-e-type=\"widget\" data-widget_type=\"image.default\">\n\t\t\t\t\t\t\t\t\t\t\t\t\t\t\t<img fetchpriority=\"high\" decoding=\"async\" width=\"550\" height=\"906\" src=\"https:\/\/www.bitezdondurma.com\/wp-content\/uploads\/2025\/10\/fran.png\" class=\"attachment-full size-full wp-image-241\" alt=\"\" srcset=\"https:\/\/www.bitezdondurma.com\/wp-content\/uploads\/2025\/10\/fran.png 550w, https:\/\/www.bitezdondurma.com\/wp-content\/uploads\/2025\/10\/fran-182x300.png 182w\" sizes=\"(max-width: 550px) 100vw, 550px\" \/>\t\t\t\t\t\t\t\t\t\t\t\t\t\t\t<\/div>\n\t\t\t\t\t<\/div>\n\t\t<\/div>\n\t\t\t\t\t<\/div>\n\t\t<\/section>\n\t\t\t\t\t<\/div>\n\t\t<\/div>\n\t\t\t\t<div class=\"elementor-column elementor-col-50 elementor-top-column elementor-element elementor-element-bd14bae\" data-id=\"bd14bae\" data-element_type=\"column\" data-e-type=\"column\">\n\t\t\t<div class=\"elementor-widget-wrap elementor-element-populated\">\n\t\t\t\t\t\t<div class=\"elementor-element elementor-element-df454bb elementor-widget elementor-widget-heading\" data-id=\"df454bb\" data-element_type=\"widget\" data-e-type=\"widget\" data-widget_type=\"heading.default\">\n\t\t\t\t\t<h2 class=\"elementor-heading-title elementor-size-default\">Bitez Dondurma Franchise Ba\u015fvuru Formu<\/h2>\t\t\t\t<\/div>\n\t\t\t\t<div class=\"elementor-element elementor-element-ffc6b9f elementor-button-align-stretch elementor-widget elementor-widget-form\" data-id=\"ffc6b9f\" data-element_type=\"widget\" data-e-type=\"widget\" data-settings=\"{&quot;step_next_label&quot;:&quot;Next&quot;,&quot;step_previous_label&quot;:&quot;Previous&quot;,&quot;button_width&quot;:&quot;100&quot;,&quot;step_type&quot;:&quot;number_text&quot;,&quot;step_icon_shape&quot;:&quot;circle&quot;}\" data-widget_type=\"form.default\">\n\t\t\t\t\t\t\t<form class=\"elementor-form\" method=\"post\" name=\"New Form\" aria-label=\"New Form\">\r\n\t\t\t<input type=\"hidden\" name=\"post_id\" value=\"45\"\/>\r\n\t\t\t<input type=\"hidden\" name=\"form_id\" value=\"ffc6b9f\"\/>\r\n\t\t\t<input type=\"hidden\" name=\"referer_title\" value=\"\" \/>\r\n\r\n\t\t\t\r\n\t\t\t<div class=\"elementor-form-fields-wrapper elementor-labels-\">\r\n\t\t\t\t\t\t\t\t<div class=\"elementor-field-type-html elementor-field-group elementor-column elementor-field-group-name elementor-col-100\">\r\n\t\t\t\t\t Ki\u015fisel Bilgiler\t\t\t\t<\/div>\r\n\t\t\t\t\t\t\t\t<div class=\"elementor-field-type-text elementor-field-group elementor-column elementor-field-group-field_d25256a elementor-col-100\">\r\n\t\t\t\t\t\t\t\t\t\t\t\t<label for=\"form-field-field_d25256a\" class=\"elementor-field-label elementor-screen-only\">\r\n\t\t\t\t\t\t\t\tAd Soyad (Zorunlu)\t\t\t\t\t\t\t<\/label>\r\n\t\t\t\t\t\t\t\t\t\t\t\t\t\t<input size=\"1\" type=\"text\" name=\"form_fields[field_d25256a]\" id=\"form-field-field_d25256a\" class=\"elementor-field elementor-size-xs  elementor-field-textual\" placeholder=\"Ad Soyad (Zorunlu)\">\r\n\t\t\t\t\t\t\t\t\t\t\t<\/div>\r\n\t\t\t\t\t\t\t\t<div class=\"elementor-field-type-tel elementor-field-group elementor-column elementor-field-group-email elementor-col-100 elementor-field-required\">\r\n\t\t\t\t\t\t\t\t\t\t\t\t<label for=\"form-field-email\" class=\"elementor-field-label elementor-screen-only\">\r\n\t\t\t\t\t\t\t\tTelefon Numaras\u0131 (Zorunlu)\t\t\t\t\t\t\t<\/label>\r\n\t\t\t\t\t\t\t\t<input size=\"1\" type=\"tel\" name=\"form_fields[email]\" id=\"form-field-email\" class=\"elementor-field elementor-size-xs  elementor-field-textual\" placeholder=\"Telefon Numaras\u0131 (Zorunlu)\" required=\"required\" pattern=\"[0-9()#&amp;+*-=.]+\" title=\"Only numbers and phone characters (#, -, *, etc) are accepted.\">\r\n\r\n\t\t\t\t\t\t<\/div>\r\n\t\t\t\t\t\t\t\t<div class=\"elementor-field-type-email elementor-field-group elementor-column elementor-field-group-field_8776a2a elementor-col-100 elementor-field-required\">\r\n\t\t\t\t\t\t\t\t\t\t\t\t<label for=\"form-field-field_8776a2a\" class=\"elementor-field-label elementor-screen-only\">\r\n\t\t\t\t\t\t\t\tE-posta Adresi (Zorunlu)\t\t\t\t\t\t\t<\/label>\r\n\t\t\t\t\t\t\t\t\t\t\t\t\t\t<input size=\"1\" type=\"email\" name=\"form_fields[field_8776a2a]\" id=\"form-field-field_8776a2a\" class=\"elementor-field elementor-size-xs  elementor-field-textual\" placeholder=\"E-posta Adresi (Zorunlu)\" required=\"required\">\r\n\t\t\t\t\t\t\t\t\t\t\t<\/div>\r\n\t\t\t\t\t\t\t\t<div class=\"elementor-field-type-text elementor-field-group elementor-column elementor-field-group-field_0644806 elementor-col-100\">\r\n\t\t\t\t\t\t\t\t\t\t\t\t<label for=\"form-field-field_0644806\" class=\"elementor-field-label elementor-screen-only\">\r\n\t\t\t\t\t\t\t\tYa\u015fad\u0131\u011f\u0131n\u0131z \u015eehir \/ \u0130l\u00e7e (Zorunlu)\t\t\t\t\t\t\t<\/label>\r\n\t\t\t\t\t\t\t\t\t\t\t\t\t\t<input size=\"1\" type=\"text\" name=\"form_fields[field_0644806]\" id=\"form-field-field_0644806\" class=\"elementor-field elementor-size-xs  elementor-field-textual\" placeholder=\"Ya\u015fad\u0131\u011f\u0131n\u0131z \u015eehir \/ \u0130l\u00e7e (Zorunlu)\">\r\n\t\t\t\t\t\t\t\t\t\t\t<\/div>\r\n\t\t\t\t\t\t\t\t<div class=\"elementor-field-type-html elementor-field-group elementor-column elementor-field-group-field_7274f94 elementor-col-100\">\r\n\t\t\t\t\t\u0130\u015fletme \/ Giri\u015fim Bilgileri\t\t\t\t<\/div>\r\n\t\t\t\t\t\t\t\t<div class=\"elementor-field-type-select elementor-field-group elementor-column elementor-field-group-field_ed0af88 elementor-col-100\">\r\n\t\t\t\t\t\t\t\t\t\t\t\t<label for=\"form-field-field_ed0af88\" class=\"elementor-field-label elementor-screen-only\">\r\n\t\t\t\t\t\t\t\tEvet \/ Hay\u0131r\t\t\t\t\t\t\t<\/label>\r\n\t\t\t\t\t\t\t\t<div class=\"elementor-field elementor-select-wrapper remove-before \">\r\n\t\t\t<div class=\"select-caret-down-wrapper\">\r\n\t\t\t\t<svg aria-hidden=\"true\" class=\"e-font-icon-svg e-eicon-caret-down\" viewBox=\"0 0 571.4 571.4\" xmlns=\"http:\/\/www.w3.org\/2000\/svg\"><path d=\"M571 393Q571 407 561 418L311 668Q300 679 286 679T261 668L11 418Q0 407 0 393T11 368 36 357H536Q550 357 561 368T571 393Z\"><\/path><\/svg>\t\t\t<\/div>\r\n\t\t\t<select name=\"form_fields[field_ed0af88]\" id=\"form-field-field_ed0af88\" class=\"elementor-field-textual elementor-size-xs\">\r\n\t\t\t\t\t\t\t\t\t<option value=\"Daha \u00f6nce g\u0131da veya franchise i\u015fletme tecr\u00fcbeniz var m\u0131?\">Daha \u00f6nce g\u0131da veya franchise i\u015fletme tecr\u00fcbeniz var m\u0131?<\/option>\r\n\t\t\t\t\t\t\t\t\t<option value=\"Evet \">Evet <\/option>\r\n\t\t\t\t\t\t\t\t\t<option value=\"Hay\u0131r\">Hay\u0131r<\/option>\r\n\t\t\t\t\t\t\t<\/select>\r\n\t\t<\/div>\r\n\t\t\t\t\t\t<\/div>\r\n\t\t\t\t\t\t\t\t<div class=\"elementor-field-type-text elementor-field-group elementor-column elementor-field-group-field_03f66ff elementor-col-100\">\r\n\t\t\t\t\t\t\t\t\t\t\t\t<label for=\"form-field-field_03f66ff\" class=\"elementor-field-label elementor-screen-only\">\r\n\t\t\t\t\t\t\t\tYat\u0131r\u0131m yapmay\u0131 d\u00fc\u015f\u00fcnd\u00fc\u011f\u00fcn\u00fcz \u015fehir\t\t\t\t\t\t\t<\/label>\r\n\t\t\t\t\t\t\t\t\t\t\t\t\t\t<input size=\"1\" type=\"text\" name=\"form_fields[field_03f66ff]\" id=\"form-field-field_03f66ff\" class=\"elementor-field elementor-size-xs  elementor-field-textual\" placeholder=\"Yat\u0131r\u0131m yapmay\u0131 d\u00fc\u015f\u00fcnd\u00fc\u011f\u00fcn\u00fcz \u015eehir \/ B\u00f6lge\">\r\n\t\t\t\t\t\t\t\t\t\t\t<\/div>\r\n\t\t\t\t\t\t\t\t<div class=\"elementor-field-type-select elementor-field-group elementor-column elementor-field-group-field_e9e0f50 elementor-col-100\">\r\n\t\t\t\t\t\t\t\t\t\t\t\t<label for=\"form-field-field_e9e0f50\" class=\"elementor-field-label elementor-screen-only\">\r\n\t\t\t\t\t\t\t\tYat\u0131r\u0131m B\u00fct\u00e7eniz\t\t\t\t\t\t\t<\/label>\r\n\t\t\t\t\t\t\t\t<div class=\"elementor-field elementor-select-wrapper remove-before \">\r\n\t\t\t<div class=\"select-caret-down-wrapper\">\r\n\t\t\t\t<svg aria-hidden=\"true\" class=\"e-font-icon-svg e-eicon-caret-down\" viewBox=\"0 0 571.4 571.4\" xmlns=\"http:\/\/www.w3.org\/2000\/svg\"><path d=\"M571 393Q571 407 561 418L311 668Q300 679 286 679T261 668L11 418Q0 407 0 393T11 368 36 357H536Q550 357 561 368T571 393Z\"><\/path><\/svg>\t\t\t<\/div>\r\n\t\t\t<select name=\"form_fields[field_e9e0f50]\" id=\"form-field-field_e9e0f50\" class=\"elementor-field-textual elementor-size-xs\">\r\n\t\t\t\t\t\t\t\t\t<option value=\"Yat\u0131r\u0131m B\u00fct\u00e7eniz\">Yat\u0131r\u0131m B\u00fct\u00e7eniz<\/option>\r\n\t\t\t\t\t\t\t\t\t<option value=\"1\u20132 milyon TL\">1\u20132 milyon TL<\/option>\r\n\t\t\t\t\t\t\t\t\t<option value=\"2\u20133 milyon TL\">2\u20133 milyon TL<\/option>\r\n\t\t\t\t\t\t\t\t\t<option value=\"3 milyon TL \u00fczeri\">3 milyon TL \u00fczeri<\/option>\r\n\t\t\t\t\t\t\t<\/select>\r\n\t\t<\/div>\r\n\t\t\t\t\t\t<\/div>\r\n\t\t\t\t\t\t\t\t<div class=\"elementor-field-type-select elementor-field-group elementor-column elementor-field-group-field_d774a47 elementor-col-100\">\r\n\t\t\t\t\t\t\t\t\t\t\t\t<label for=\"form-field-field_d774a47\" class=\"elementor-field-label elementor-screen-only\">\r\n\t\t\t\t\t\t\t\tMa\u011faza a\u00e7mak istedi\u011finiz lokasyon t\u00fcr\u00fc\t\t\t\t\t\t\t<\/label>\r\n\t\t\t\t\t\t\t\t<div class=\"elementor-field elementor-select-wrapper remove-before \">\r\n\t\t\t<div class=\"select-caret-down-wrapper\">\r\n\t\t\t\t<svg aria-hidden=\"true\" class=\"e-font-icon-svg e-eicon-caret-down\" viewBox=\"0 0 571.4 571.4\" xmlns=\"http:\/\/www.w3.org\/2000\/svg\"><path d=\"M571 393Q571 407 561 418L311 668Q300 679 286 679T261 668L11 418Q0 407 0 393T11 368 36 357H536Q550 357 561 368T571 393Z\"><\/path><\/svg>\t\t\t<\/div>\r\n\t\t\t<select name=\"form_fields[field_d774a47]\" id=\"form-field-field_d774a47\" class=\"elementor-field-textual elementor-size-xs\">\r\n\t\t\t\t\t\t\t\t\t<option value=\"Ma\u011faza a\u00e7mak istedi\u011finiz lokasyon t\u00fcr\u00fc\">Ma\u011faza a\u00e7mak istedi\u011finiz lokasyon t\u00fcr\u00fc<\/option>\r\n\t\t\t\t\t\t\t\t\t<option value=\"Cadde \u00fcst\u00fc\">Cadde \u00fcst\u00fc<\/option>\r\n\t\t\t\t\t\t\t\t\t<option value=\"AVM\">AVM<\/option>\r\n\t\t\t\t\t\t\t\t\t<option value=\"Sahil\">Sahil<\/option>\r\n\t\t\t\t\t\t\t\t\t<option value=\"Di\u011fer\">Di\u011fer<\/option>\r\n\t\t\t\t\t\t\t<\/select>\r\n\t\t<\/div>\r\n\t\t\t\t\t\t<\/div>\r\n\t\t\t\t\t\t\t\t<div class=\"elementor-field-type-html elementor-field-group elementor-column elementor-field-group-field_146e185 elementor-col-100\">\r\n\t\t\t\t\tEk Bilgiler\t\t\t\t<\/div>\r\n\t\t\t\t\t\t\t\t<div class=\"elementor-field-type-select elementor-field-group elementor-column elementor-field-group-field_895c2a9 elementor-col-100\">\r\n\t\t\t\t\t\t\t\t\t\t\t\t<label for=\"form-field-field_895c2a9\" class=\"elementor-field-label elementor-screen-only\">\r\n\t\t\t\t\t\t\t\tBitez Dondurma\u2019y\u0131 nereden duydunuz?\t\t\t\t\t\t\t<\/label>\r\n\t\t\t\t\t\t\t\t<div class=\"elementor-field elementor-select-wrapper remove-before \">\r\n\t\t\t<div class=\"select-caret-down-wrapper\">\r\n\t\t\t\t<svg aria-hidden=\"true\" class=\"e-font-icon-svg e-eicon-caret-down\" viewBox=\"0 0 571.4 571.4\" xmlns=\"http:\/\/www.w3.org\/2000\/svg\"><path d=\"M571 393Q571 407 561 418L311 668Q300 679 286 679T261 668L11 418Q0 407 0 393T11 368 36 357H536Q550 357 561 368T571 393Z\"><\/path><\/svg>\t\t\t<\/div>\r\n\t\t\t<select name=\"form_fields[field_895c2a9]\" id=\"form-field-field_895c2a9\" class=\"elementor-field-textual elementor-size-xs\">\r\n\t\t\t\t\t\t\t\t\t<option value=\"Bitez Dondurma\u2019y\u0131 nereden duydunuz?\">Bitez Dondurma\u2019y\u0131 nereden duydunuz?<\/option>\r\n\t\t\t\t\t\t\t\t\t<option value=\"Sosyal medya\">Sosyal medya<\/option>\r\n\t\t\t\t\t\t\t\t\t<option value=\"Ziyaret\">Ziyaret<\/option>\r\n\t\t\t\t\t\t\t\t\t<option value=\"Tavsiye \">Tavsiye <\/option>\r\n\t\t\t\t\t\t\t\t\t<option value=\"Di\u011fer\">Di\u011fer<\/option>\r\n\t\t\t\t\t\t\t<\/select>\r\n\t\t<\/div>\r\n\t\t\t\t\t\t<\/div>\r\n\t\t\t\t\t\t\t\t<div class=\"elementor-field-type-textarea elementor-field-group elementor-column elementor-field-group-field_f82f46c elementor-col-100\">\r\n\t\t\t\t\t\t\t\t\t\t\t\t<label for=\"form-field-field_f82f46c\" class=\"elementor-field-label elementor-screen-only\">\r\n\t\t\t\t\t\t\t\tKendiniz veya projeniz hakk\u0131nda k\u0131sa bir tan\u0131t\u0131m\t\t\t\t\t\t\t<\/label>\r\n\t\t\t\t\t\t<textarea class=\"elementor-field-textual elementor-field  elementor-size-xs\" name=\"form_fields[field_f82f46c]\" id=\"form-field-field_f82f46c\" rows=\"4\" placeholder=\"Kendiniz veya projeniz hakk\u0131nda k\u0131sa bir tan\u0131t\u0131m\"><\/textarea>\t\t\t\t<\/div>\r\n\t\t\t\t\t\t\t\t<div class=\"elementor-field-type-checkbox elementor-field-group elementor-column elementor-field-group-field_926e47c elementor-col-100\">\r\n\t\t\t\t\t\t\t\t\t\t\t\t<label for=\"form-field-field_926e47c\" class=\"elementor-field-label elementor-screen-only\">\r\n\t\t\t\t\t\t\t\tKendiniz veya projeniz hakk\u0131nda k\u0131sa bir tan\u0131t\u0131m\t\t\t\t\t\t\t<\/label>\r\n\t\t\t\t\t\t<div class=\"elementor-field-subgroup  \"><span class=\"elementor-field-option\"><input type=\"checkbox\" value=\"Ki\u015fisel verilerimin Ayd\u0131nlatma Metni kapsam\u0131nda i\u015flenmesini kabul ediyorum.\u201d (zorunlu onay kutusu)\" id=\"form-field-field_926e47c-0\" name=\"form_fields[field_926e47c]\"> <label for=\"form-field-field_926e47c-0\">Ki\u015fisel verilerimin Ayd\u0131nlatma Metni kapsam\u0131nda i\u015flenmesini kabul ediyorum.\u201d (zorunlu onay kutusu)<\/label><\/span><\/div>\t\t\t\t<\/div>\r\n\t\t\t\t\t\t\t\t<div class=\"elementor-field-group elementor-column elementor-field-type-submit elementor-col-100 e-form__buttons\">\r\n\t\t\t\t\t<button class=\"elementor-button elementor-size-xs\" type=\"submit\">\r\n\t\t\t\t\t\t<span class=\"elementor-button-content-wrapper\">\r\n\t\t\t\t\t\t\t\t\t\t\t\t\t\t\t\t\t\t\t\t\t\t<span class=\"elementor-button-text\">G\u00f6nder<\/span>\r\n\t\t\t\t\t\t\t\t\t\t\t\t\t<\/span>\r\n\t\t\t\t\t<\/button>\r\n\t\t\t\t<\/div>\r\n\t\t\t<\/div>\r\n\t\t<\/form>\r\n\t\t\t\t\t\t<\/div>\n\t\t\t\t\t<\/div>\n\t\t<\/div>\n\t\t\t\t\t<\/div>\n\t\t<\/section>\n\t\t\t\t<\/div>\n\t\t","protected":false},"excerpt":{"rendered":"<p>Bitez Dondurma Ailesine Kat\u0131lmak \u0130ster misiniz? \ud83c\udf66 Bitez Dondurma\u2019da sizi sadece dondurma de\u011fil, birbirinden \u00f6zel tatl\u0131lar ve waffle \u00e7e\u015fitleri de bekliyor. Geleneksel tariflerden modern lezzetlere uzanan geni\u015f men\u00fcm\u00fcz\u00fc ke\u015ffetmek i\u00e7in hemen t\u0131klay\u0131n, damak tad\u0131n\u0131za en uygun se\u00e7ene\u011fi bulun. Bitez Dondurma Franchise Ba\u015fvuru Formu<\/p>\n","protected":false},"author":1,"featured_media":0,"parent":0,"menu_order":0,"comment_status":"closed","ping_status":"closed","template":"elementor_header_footer","meta":{"footnotes":""},"class_list":["post-45","page","type-page","status-publish","hentry"],"_links":{"self":[{"href":"https:\/\/www.bitezdondurma.com\/index.php\/wp-json\/wp\/v2\/pages\/45","targetHints":{"allow":["GET"]}}],"collection":[{"href":"https:\/\/www.bitezdondurma.com\/index.php\/wp-json\/wp\/v2\/pages"}],"about":[{"href":"https:\/\/www.bitezdondurma.com\/index.php\/wp-json\/wp\/v2\/types\/page"}],"author":[{"embeddable":true,"href":"https:\/\/www.bitezdondurma.com\/index.php\/wp-json\/wp\/v2\/users\/1"}],"replies":[{"embeddable":true,"href":"https:\/\/www.bitezdondurma.com\/index.php\/wp-json\/wp\/v2\/comments?post=45"}],"version-history":[{"count":10,"href":"https:\/\/www.bitezdondurma.com\/index.php\/wp-json\/wp\/v2\/pages\/45\/revisions"}],"predecessor-version":[{"id":546,"href":"https:\/\/www.bitezdondurma.com\/index.php\/wp-json\/wp\/v2\/pages\/45\/revisions\/546"}],"wp:attachment":[{"href":"https:\/\/www.bitezdondurma.com\/index.php\/wp-json\/wp\/v2\/media?parent=45"}],"curies":[{"name":"wp","href":"https:\/\/api.w.org\/{rel}","templated":true}]}}